{"id":764,"date":"2023-03-23T16:16:08","date_gmt":"2023-03-23T15:16:08","guid":{"rendered":"https:\/\/www.realites-senegal.sn\/?page_id=764"},"modified":"2023-05-26T10:19:32","modified_gmt":"2023-05-26T08:19:32","slug":"apartment-for-sale-dakar","status":"publish","type":"page","link":"https:\/\/www.realites-senegal.sn\/en\/apartment-for-sale-dakar\/","title":{"rendered":"Apartments for sale in Dakar"},"content":{"rendered":"","protected":false},"excerpt":{"rendered":"","protected":false},"author":3,"featured_media":1246,"parent":0,"menu_order":0,"comment_status":"closed","ping_status":"closed","template":"page-list-project.php","meta":{"_acf_changed":false,"_seopress_robots_primary_cat":"","_seopress_titles_title":"Appartements \u00e0 vendre \u00e0 Dakar - REALITES SENEGAL","_seopress_titles_desc":"D\u00e9couvrez nos appartements haut de gamme \u00e0 vendre \u00e0 Dakar. Des programmes immobiliers id\u00e9als pour acheter ou pour investir \u00e0 Dakar.","_seopress_robots_index":"","footnotes":""},"class_list":["post-764","page","type-page","status-publish","has-post-thumbnail","hentry"],"acf":[],"_links":{"self":[{"href":"https:\/\/www.realites-senegal.sn\/en\/wp-json\/wp\/v2\/pages\/764","targetHints":{"allow":["GET"]}}],"collection":[{"href":"https:\/\/www.realites-senegal.sn\/en\/wp-json\/wp\/v2\/pages"}],"about":[{"href":"https:\/\/www.realites-senegal.sn\/en\/wp-json\/wp\/v2\/types\/page"}],"author":[{"embeddable":true,"href":"https:\/\/www.realites-senegal.sn\/en\/wp-json\/wp\/v2\/users\/3"}],"replies":[{"embeddable":true,"href":"https:\/\/www.realites-senegal.sn\/en\/wp-json\/wp\/v2\/comments?post=764"}],"version-history":[{"count":0,"href":"https:\/\/www.realites-senegal.sn\/en\/wp-json\/wp\/v2\/pages\/764\/revisions"}],"wp:featuredmedia":[{"embeddable":true,"href":"https:\/\/www.realites-senegal.sn\/en\/wp-json\/wp\/v2\/media\/1246"}],"wp:attachment":[{"href":"https:\/\/www.realites-senegal.sn\/en\/wp-json\/wp\/v2\/media?parent=764"}],"curies":[{"name":"wp","href":"https:\/\/api.w.org\/{rel}","templated":true}]}}